{"id":7,"date":"2026-03-14T22:03:02","date_gmt":"2026-03-14T22:03:02","guid":{"rendered":"https:\/\/okonglobal.com\/?page_id=7"},"modified":"2026-03-15T00:27:09","modified_gmt":"2026-03-15T00:27:09","slug":"inicio","status":"publish","type":"page","link":"https:\/\/okonglobal.com\/","title":{"rendered":"Inicio"},"content":{"rendered":"\t\t<div data-elementor-type=\"wp-page\" data-elementor-id=\"7\" class=\"elementor elementor-7\" data-elementor-post-type=\"page\">\n\t\t\t\t<div class=\"elementor-element elementor-element-c5c1199 e-con-full e-flex e-con e-parent\" data-id=\"c5c1199\" data-element_type=\"container\" data-e-type=\"container\" data-settings=\"{&quot;background_background&quot;:&quot;classic&quot;}\">\n\t\t\t\t<div class=\"elementor-element elementor-element-d39b128 elementor-widget__width-initial elementor-widget elementor-widget-image\" data-id=\"d39b128\" data-element_type=\"widget\" data-e-type=\"widget\" data-widget_type=\"image.default\">\n\t\t\t\t\t\t\t\t\t\t\t\t\t\t\t<img fetchpriority=\"high\" decoding=\"async\" width=\"1024\" height=\"168\" src=\"https:\/\/okonglobal.com\/wp-content\/uploads\/2026\/03\/Logo-Okon-Global-Blanco-1024x168.png\" class=\"attachment-large size-large wp-image-14\" alt=\"\" srcset=\"https:\/\/okonglobal.com\/wp-content\/uploads\/2026\/03\/Logo-Okon-Global-Blanco-1024x168.png 1024w, https:\/\/okonglobal.com\/wp-content\/uploads\/2026\/03\/Logo-Okon-Global-Blanco-300x49.png 300w, https:\/\/okonglobal.com\/wp-content\/uploads\/2026\/03\/Logo-Okon-Global-Blanco-768x126.png 768w, https:\/\/okonglobal.com\/wp-content\/uploads\/2026\/03\/Logo-Okon-Global-Blanco-1536x252.png 1536w, https:\/\/okonglobal.com\/wp-content\/uploads\/2026\/03\/Logo-Okon-Global-Blanco-2048x335.png 2048w\" sizes=\"(max-width: 1024px) 100vw, 1024px\" \/>\t\t\t\t\t\t\t\t\t\t\t\t\t\t\t<\/div>\n\t\t\t\t<\/div>\n\t\t<div class=\"elementor-element elementor-element-e0f3b70 e-flex e-con-boxed e-con e-parent\" data-id=\"e0f3b70\" data-element_type=\"container\" data-e-type=\"container\" data-settings=\"{&quot;background_background&quot;:&quot;classic&quot;}\">\n\t\t\t\t\t<div class=\"e-con-inner\">\n\t\t\t\t<div class=\"elementor-element elementor-element-8026c1a elementor-widget elementor-widget-spacer\" data-id=\"8026c1a\" data-element_type=\"widget\" data-e-type=\"widget\" data-widget_type=\"spacer.default\">\n\t\t\t\t\t\t\t<div class=\"elementor-spacer\">\n\t\t\t<div class=\"elementor-spacer-inner\"><\/div>\n\t\t<\/div>\n\t\t\t\t\t\t<\/div>\n\t\t\t\t\t<\/div>\n\t\t\t\t<\/div>\n\t\t<div class=\"elementor-element elementor-element-4732969 e-flex e-con-boxed e-con e-parent\" data-id=\"4732969\" data-element_type=\"container\" data-e-type=\"container\" data-settings=\"{&quot;background_background&quot;:&quot;classic&quot;}\">\n\t\t\t\t\t<div class=\"e-con-inner\">\n\t\t\t\t<div class=\"elementor-element elementor-element-5877bda elementor-widget__width-initial elementor-widget elementor-widget-image\" data-id=\"5877bda\" data-element_type=\"widget\" data-e-type=\"widget\" data-widget_type=\"image.default\">\n\t\t\t\t\t\t\t\t\t\t\t\t\t\t\t<img decoding=\"async\" width=\"1024\" height=\"449\" src=\"https:\/\/okonglobal.com\/wp-content\/uploads\/2026\/03\/Logo-Okon-Global-Version-2-blanco-1024x449.png\" class=\"attachment-large size-large wp-image-13\" alt=\"\" srcset=\"https:\/\/okonglobal.com\/wp-content\/uploads\/2026\/03\/Logo-Okon-Global-Version-2-blanco-1024x449.png 1024w, https:\/\/okonglobal.com\/wp-content\/uploads\/2026\/03\/Logo-Okon-Global-Version-2-blanco-300x131.png 300w, https:\/\/okonglobal.com\/wp-content\/uploads\/2026\/03\/Logo-Okon-Global-Version-2-blanco-768x337.png 768w, https:\/\/okonglobal.com\/wp-content\/uploads\/2026\/03\/Logo-Okon-Global-Version-2-blanco-1536x673.png 1536w, https:\/\/okonglobal.com\/wp-content\/uploads\/2026\/03\/Logo-Okon-Global-Version-2-blanco.png 1819w\" sizes=\"(max-width: 1024px) 100vw, 1024px\" \/>\t\t\t\t\t\t\t\t\t\t\t\t\t\t\t<\/div>\n\t\t\t\t<div class=\"elementor-element elementor-element-d97d557 elementor-widget elementor-widget-heading\" data-id=\"d97d557\" data-element_type=\"widget\" data-e-type=\"widget\" data-widget_type=\"heading.default\">\n\t\t\t\t\t<h2 class=\"elementor-heading-title elementor-size-default\">Ideas Become Companies<\/h2>\t\t\t\t<\/div>\n\t\t\t\t<div class=\"elementor-element elementor-element-5b25291 elementor-widget__width-inherit elementor-widget elementor-widget-text-editor\" data-id=\"5b25291\" data-element_type=\"widget\" data-e-type=\"widget\" data-widget_type=\"text-editor.default\">\n\t\t\t\t\t\t\t\t\t<p data-start=\"1302\" data-end=\"1438\">OKON Global nace con la vocaci\u00f3n de estructurar y potenciar sus propias l\u00edneas de negocio especializadas en entornos altamente competitivos.<br \/><br \/>Cada compa\u00f1\u00eda opera de forma independiente, con identidad propia y foco estrat\u00e9gico definido, mientras comparte una misma visi\u00f3n: construir valor real y sostenible a largo plazo.<br \/><br \/>A trav\u00e9s de un enfoque selectivo, premium y orientado al posicionamiento, el grupo impulsa iniciativas que conectan talento, conocimiento e innovaci\u00f3n.<\/p>\t\t\t\t\t\t\t\t<\/div>\n\t\t\t\t<div class=\"elementor-element elementor-element-d421923 elementor-widget__width-inherit elementor-widget elementor-widget-text-editor\" data-id=\"d421923\" data-element_type=\"widget\" data-e-type=\"widget\" data-widget_type=\"text-editor.default\">\n\t\t\t\t\t\t\t\t\t<p data-start=\"1302\" data-end=\"1438\">OKON GLOBAL FOUNDER<\/p>\t\t\t\t\t\t\t\t<\/div>\n\t\t\t\t\t<\/div>\n\t\t\t\t<\/div>\n\t\t<div class=\"elementor-element elementor-element-0506938 e-flex e-con-boxed e-con e-parent\" data-id=\"0506938\" data-element_type=\"container\" data-e-type=\"container\">\n\t\t\t\t\t<div class=\"e-con-inner\">\n\t\t\t\t<div class=\"elementor-element elementor-element-12c3179 elementor-widget elementor-widget-heading\" data-id=\"12c3179\" data-element_type=\"widget\" data-e-type=\"widget\" data-widget_type=\"heading.default\">\n\t\t\t\t\t<h2 class=\"elementor-heading-title elementor-size-default\">BUSINESS LINES<\/h2>\t\t\t\t<\/div>\n\t\t\t\t<div class=\"elementor-element elementor-element-82d8940 elementor-widget__width-inherit elementor-widget elementor-widget-text-editor\" data-id=\"82d8940\" data-element_type=\"widget\" data-e-type=\"widget\" data-widget_type=\"text-editor.default\">\n\t\t\t\t\t\t\t\t\t<p data-start=\"1302\" data-end=\"1438\">Las lineas de negocio que est\u00e1n bajo el paraguas de OKON Global se ubican en un enclave estrat\u00e9gico para su desarrollo, posicionamiento y consolidaci\u00f3n en el largo plazo.<\/p>\t\t\t\t\t\t\t\t<\/div>\n\t\t<div class=\"elementor-element elementor-element-f60068f e-grid e-con-full elementor-hidden-tablet elementor-hidden-mobile e-con e-child\" data-id=\"f60068f\" data-element_type=\"container\" data-e-type=\"container\">\n\t\t\t\t<div class=\"elementor-element elementor-element-ca5f5f8 elementor-widget elementor-widget-image\" data-id=\"ca5f5f8\" data-element_type=\"widget\" data-e-type=\"widget\" data-widget_type=\"image.default\">\n\t\t\t\t\t\t\t\t\t\t\t\t\t\t\t\t<a href=\"https:\/\/menthor.club\">\n\t\t\t\t\t\t\t<img decoding=\"async\" width=\"1024\" height=\"133\" src=\"https:\/\/okonglobal.com\/wp-content\/uploads\/2026\/03\/Menthor-Logo-1-1024x133.png\" class=\"attachment-large size-large wp-image-16\" alt=\"\" srcset=\"https:\/\/okonglobal.com\/wp-content\/uploads\/2026\/03\/Menthor-Logo-1-1024x133.png 1024w, https:\/\/okonglobal.com\/wp-content\/uploads\/2026\/03\/Menthor-Logo-1-300x39.png 300w, https:\/\/okonglobal.com\/wp-content\/uploads\/2026\/03\/Menthor-Logo-1-768x100.png 768w, https:\/\/okonglobal.com\/wp-content\/uploads\/2026\/03\/Menthor-Logo-1-1536x200.png 1536w, https:\/\/okonglobal.com\/wp-content\/uploads\/2026\/03\/Menthor-Logo-1-2048x266.png 2048w\" sizes=\"(max-width: 1024px) 100vw, 1024px\" \/>\t\t\t\t\t\t\t\t<\/a>\n\t\t\t\t\t\t\t\t\t\t\t\t\t\t\t<\/div>\n\t\t\t\t<div class=\"elementor-element elementor-element-8d672cb elementor-widget__width-initial elementor-widget elementor-widget-image\" data-id=\"8d672cb\" data-element_type=\"widget\" data-e-type=\"widget\" data-widget_type=\"image.default\">\n\t\t\t\t\t\t\t\t\t\t\t\t\t\t\t\t<a href=\"https:\/\/okonmanagement.com\">\n\t\t\t\t\t\t\t<img loading=\"lazy\" decoding=\"async\" width=\"1024\" height=\"577\" src=\"https:\/\/okonglobal.com\/wp-content\/uploads\/2026\/03\/OKON-black-no-background-1024x577.png\" class=\"attachment-large size-large wp-image-15\" alt=\"\" srcset=\"https:\/\/okonglobal.com\/wp-content\/uploads\/2026\/03\/OKON-black-no-background-1024x577.png 1024w, https:\/\/okonglobal.com\/wp-content\/uploads\/2026\/03\/OKON-black-no-background-300x169.png 300w, https:\/\/okonglobal.com\/wp-content\/uploads\/2026\/03\/OKON-black-no-background-768x433.png 768w, https:\/\/okonglobal.com\/wp-content\/uploads\/2026\/03\/OKON-black-no-background-1536x866.png 1536w, https:\/\/okonglobal.com\/wp-content\/uploads\/2026\/03\/OKON-black-no-background-2048x1154.png 2048w\" sizes=\"(max-width: 1024px) 100vw, 1024px\" \/>\t\t\t\t\t\t\t\t<\/a>\n\t\t\t\t\t\t\t\t\t\t\t\t\t\t\t<\/div>\n\t\t\t\t<div class=\"elementor-element elementor-element-5a59684 elementor-widget__width-initial elementor-widget elementor-widget-image\" data-id=\"5a59684\" data-element_type=\"widget\" data-e-type=\"widget\" data-widget_type=\"image.default\">\n\t\t\t\t\t\t\t\t\t\t\t\t\t\t\t\t<a href=\"https:\/\/moking.es\">\n\t\t\t\t\t\t\t<img loading=\"lazy\" decoding=\"async\" width=\"1024\" height=\"229\" src=\"https:\/\/okonglobal.com\/wp-content\/uploads\/2026\/03\/MOKING-RELIEVE-SIN-FONDO-1-1024x229.png\" class=\"attachment-large size-large wp-image-17\" alt=\"\" srcset=\"https:\/\/okonglobal.com\/wp-content\/uploads\/2026\/03\/MOKING-RELIEVE-SIN-FONDO-1-1024x229.png 1024w, https:\/\/okonglobal.com\/wp-content\/uploads\/2026\/03\/MOKING-RELIEVE-SIN-FONDO-1-300x67.png 300w, https:\/\/okonglobal.com\/wp-content\/uploads\/2026\/03\/MOKING-RELIEVE-SIN-FONDO-1-768x172.png 768w, https:\/\/okonglobal.com\/wp-content\/uploads\/2026\/03\/MOKING-RELIEVE-SIN-FONDO-1-1536x343.png 1536w, https:\/\/okonglobal.com\/wp-content\/uploads\/2026\/03\/MOKING-RELIEVE-SIN-FONDO-1.png 1630w\" sizes=\"(max-width: 1024px) 100vw, 1024px\" \/>\t\t\t\t\t\t\t\t<\/a>\n\t\t\t\t\t\t\t\t\t\t\t\t\t\t\t<\/div>\n\t\t\t\t<\/div>\n\t\t<div class=\"elementor-element elementor-element-82b514c e-grid e-con-full elementor-hidden-tablet elementor-hidden-mobile e-con e-child\" data-id=\"82b514c\" data-element_type=\"container\" data-e-type=\"container\">\n\t\t\t\t<div class=\"elementor-element elementor-element-2247cdb elementor-widget__width-inherit elementor-widget elementor-widget-text-editor\" data-id=\"2247cdb\" data-element_type=\"widget\" data-e-type=\"widget\" data-widget_type=\"text-editor.default\">\n\t\t\t\t\t\t\t\t\t<p data-start=\"1302\" data-end=\"1438\">FOOTBALL E-LEARNING<\/p>\t\t\t\t\t\t\t\t<\/div>\n\t\t\t\t<div class=\"elementor-element elementor-element-fcb0deb elementor-widget__width-inherit elementor-widget elementor-widget-text-editor\" data-id=\"fcb0deb\" data-element_type=\"widget\" data-e-type=\"widget\" data-widget_type=\"text-editor.default\">\n\t\t\t\t\t\t\t\t\t<p data-start=\"1302\" data-end=\"1438\">FOOTBALL MANAGEMENT BOUTIQUE<\/p>\t\t\t\t\t\t\t\t<\/div>\n\t\t\t\t<div class=\"elementor-element elementor-element-cbe5020 elementor-widget__width-inherit elementor-widget elementor-widget-text-editor\" data-id=\"cbe5020\" data-element_type=\"widget\" data-e-type=\"widget\" data-widget_type=\"text-editor.default\">\n\t\t\t\t\t\t\t\t\t<p data-start=\"1302\" data-end=\"1438\">BUSINESS MENTORING<\/p>\t\t\t\t\t\t\t\t<\/div>\n\t\t\t\t<\/div>\n\t\t<div class=\"elementor-element elementor-element-0dbb8fb e-grid e-con-full elementor-hidden-desktop e-con e-child\" data-id=\"0dbb8fb\" data-element_type=\"container\" data-e-type=\"container\">\n\t\t\t\t<div class=\"elementor-element elementor-element-fc7d95f elementor-widget-mobile__width-initial elementor-widget elementor-widget-image\" data-id=\"fc7d95f\" data-element_type=\"widget\" data-e-type=\"widget\" data-widget_type=\"image.default\">\n\t\t\t\t\t\t\t\t\t\t\t\t\t\t\t\t<a href=\"https:\/\/menthor.club\">\n\t\t\t\t\t\t\t<img decoding=\"async\" width=\"1024\" height=\"133\" src=\"https:\/\/okonglobal.com\/wp-content\/uploads\/2026\/03\/Menthor-Logo-1-1024x133.png\" class=\"attachment-large size-large wp-image-16\" alt=\"\" srcset=\"https:\/\/okonglobal.com\/wp-content\/uploads\/2026\/03\/Menthor-Logo-1-1024x133.png 1024w, https:\/\/okonglobal.com\/wp-content\/uploads\/2026\/03\/Menthor-Logo-1-300x39.png 300w, https:\/\/okonglobal.com\/wp-content\/uploads\/2026\/03\/Menthor-Logo-1-768x100.png 768w, https:\/\/okonglobal.com\/wp-content\/uploads\/2026\/03\/Menthor-Logo-1-1536x200.png 1536w, https:\/\/okonglobal.com\/wp-content\/uploads\/2026\/03\/Menthor-Logo-1-2048x266.png 2048w\" sizes=\"(max-width: 1024px) 100vw, 1024px\" \/>\t\t\t\t\t\t\t\t<\/a>\n\t\t\t\t\t\t\t\t\t\t\t\t\t\t\t<\/div>\n\t\t\t\t<div class=\"elementor-element elementor-element-2dfa673 elementor-widget__width-inherit elementor-widget elementor-widget-text-editor\" data-id=\"2dfa673\" data-element_type=\"widget\" data-e-type=\"widget\" data-widget_type=\"text-editor.default\">\n\t\t\t\t\t\t\t\t\t<p data-start=\"1302\" data-end=\"1438\">FOOTBALL E-LEARNING<\/p>\t\t\t\t\t\t\t\t<\/div>\n\t\t\t\t<\/div>\n\t\t<div class=\"elementor-element elementor-element-73c7102 e-grid e-con-full elementor-hidden-desktop e-con e-child\" data-id=\"73c7102\" data-element_type=\"container\" data-e-type=\"container\">\n\t\t\t\t<div class=\"elementor-element elementor-element-6bf8d86 elementor-widget__width-initial elementor-widget elementor-widget-image\" data-id=\"6bf8d86\" data-element_type=\"widget\" data-e-type=\"widget\" data-widget_type=\"image.default\">\n\t\t\t\t\t\t\t\t\t\t\t\t\t\t\t\t<a href=\"https:\/\/okonmanagement.com\">\n\t\t\t\t\t\t\t<img loading=\"lazy\" decoding=\"async\" width=\"1024\" height=\"577\" src=\"https:\/\/okonglobal.com\/wp-content\/uploads\/2026\/03\/OKON-black-no-background-1024x577.png\" class=\"attachment-large size-large wp-image-15\" alt=\"\" srcset=\"https:\/\/okonglobal.com\/wp-content\/uploads\/2026\/03\/OKON-black-no-background-1024x577.png 1024w, https:\/\/okonglobal.com\/wp-content\/uploads\/2026\/03\/OKON-black-no-background-300x169.png 300w, https:\/\/okonglobal.com\/wp-content\/uploads\/2026\/03\/OKON-black-no-background-768x433.png 768w, https:\/\/okonglobal.com\/wp-content\/uploads\/2026\/03\/OKON-black-no-background-1536x866.png 1536w, https:\/\/okonglobal.com\/wp-content\/uploads\/2026\/03\/OKON-black-no-background-2048x1154.png 2048w\" sizes=\"(max-width: 1024px) 100vw, 1024px\" \/>\t\t\t\t\t\t\t\t<\/a>\n\t\t\t\t\t\t\t\t\t\t\t\t\t\t\t<\/div>\n\t\t\t\t<div class=\"elementor-element elementor-element-5c338a7 elementor-widget__width-inherit elementor-widget elementor-widget-text-editor\" data-id=\"5c338a7\" data-element_type=\"widget\" data-e-type=\"widget\" data-widget_type=\"text-editor.default\">\n\t\t\t\t\t\t\t\t\t<p data-start=\"1302\" data-end=\"1438\">FOOTBALL MANAGEMENT BOUTIQUE<\/p>\t\t\t\t\t\t\t\t<\/div>\n\t\t\t\t<\/div>\n\t\t<div class=\"elementor-element elementor-element-a6c4bee e-grid e-con-full elementor-hidden-desktop e-con e-child\" data-id=\"a6c4bee\" data-element_type=\"container\" data-e-type=\"container\">\n\t\t\t\t<div class=\"elementor-element elementor-element-33a6ee9 elementor-widget__width-initial elementor-widget elementor-widget-image\" data-id=\"33a6ee9\" data-element_type=\"widget\" data-e-type=\"widget\" data-widget_type=\"image.default\">\n\t\t\t\t\t\t\t\t\t\t\t\t\t\t\t\t<a href=\"https:\/\/moking.es\">\n\t\t\t\t\t\t\t<img loading=\"lazy\" decoding=\"async\" width=\"1024\" height=\"229\" src=\"https:\/\/okonglobal.com\/wp-content\/uploads\/2026\/03\/MOKING-RELIEVE-SIN-FONDO-1-1024x229.png\" class=\"attachment-large size-large wp-image-17\" alt=\"\" srcset=\"https:\/\/okonglobal.com\/wp-content\/uploads\/2026\/03\/MOKING-RELIEVE-SIN-FONDO-1-1024x229.png 1024w, https:\/\/okonglobal.com\/wp-content\/uploads\/2026\/03\/MOKING-RELIEVE-SIN-FONDO-1-300x67.png 300w, https:\/\/okonglobal.com\/wp-content\/uploads\/2026\/03\/MOKING-RELIEVE-SIN-FONDO-1-768x172.png 768w, https:\/\/okonglobal.com\/wp-content\/uploads\/2026\/03\/MOKING-RELIEVE-SIN-FONDO-1-1536x343.png 1536w, https:\/\/okonglobal.com\/wp-content\/uploads\/2026\/03\/MOKING-RELIEVE-SIN-FONDO-1.png 1630w\" sizes=\"(max-width: 1024px) 100vw, 1024px\" \/>\t\t\t\t\t\t\t\t<\/a>\n\t\t\t\t\t\t\t\t\t\t\t\t\t\t\t<\/div>\n\t\t\t\t<div class=\"elementor-element elementor-element-206466e elementor-widget__width-inherit elementor-widget elementor-widget-text-editor\" data-id=\"206466e\" data-element_type=\"widget\" data-e-type=\"widget\" data-widget_type=\"text-editor.default\">\n\t\t\t\t\t\t\t\t\t<p data-start=\"1302\" data-end=\"1438\">BUSINESS MENTORING<\/p>\t\t\t\t\t\t\t\t<\/div>\n\t\t\t\t<\/div>\n\t\t\t\t\t<\/div>\n\t\t\t\t<\/div>\n\t\t<div class=\"elementor-element elementor-element-33048e4 e-flex e-con-boxed e-con e-parent\" data-id=\"33048e4\" data-element_type=\"container\" data-e-type=\"container\" data-settings=\"{&quot;background_background&quot;:&quot;classic&quot;}\">\n\t\t\t\t\t<div class=\"e-con-inner\">\n\t\t\t\t<div class=\"elementor-element elementor-element-a021cec elementor-widget elementor-widget-spacer\" data-id=\"a021cec\" data-element_type=\"widget\" data-e-type=\"widget\" data-widget_type=\"spacer.default\">\n\t\t\t\t\t\t\t<div class=\"elementor-spacer\">\n\t\t\t<div class=\"elementor-spacer-inner\"><\/div>\n\t\t<\/div>\n\t\t\t\t\t\t<\/div>\n\t\t\t\t\t<\/div>\n\t\t\t\t<\/div>\n\t\t<div class=\"elementor-element elementor-element-f7b46ea e-con-full elementor-hidden-desktop e-flex e-con e-parent\" data-id=\"f7b46ea\" data-element_type=\"container\" data-e-type=\"container\" data-settings=\"{&quot;background_background&quot;:&quot;classic&quot;}\">\n\t\t<div class=\"elementor-element elementor-element-bfac1d1 e-grid e-con-full e-con e-child\" data-id=\"bfac1d1\" data-element_type=\"container\" data-e-type=\"container\">\n\t\t\t\t<div class=\"elementor-element elementor-element-d85b733 elementor-widget__width-initial elementor-widget elementor-widget-image\" data-id=\"d85b733\" data-element_type=\"widget\" data-e-type=\"widget\" data-widget_type=\"image.default\">\n\t\t\t\t\t\t\t\t\t\t\t\t\t\t\t<img fetchpriority=\"high\" decoding=\"async\" width=\"1024\" height=\"168\" src=\"https:\/\/okonglobal.com\/wp-content\/uploads\/2026\/03\/Logo-Okon-Global-Blanco-1024x168.png\" class=\"attachment-large size-large wp-image-14\" alt=\"\" srcset=\"https:\/\/okonglobal.com\/wp-content\/uploads\/2026\/03\/Logo-Okon-Global-Blanco-1024x168.png 1024w, https:\/\/okonglobal.com\/wp-content\/uploads\/2026\/03\/Logo-Okon-Global-Blanco-300x49.png 300w, https:\/\/okonglobal.com\/wp-content\/uploads\/2026\/03\/Logo-Okon-Global-Blanco-768x126.png 768w, https:\/\/okonglobal.com\/wp-content\/uploads\/2026\/03\/Logo-Okon-Global-Blanco-1536x252.png 1536w, https:\/\/okonglobal.com\/wp-content\/uploads\/2026\/03\/Logo-Okon-Global-Blanco-2048x335.png 2048w\" sizes=\"(max-width: 1024px) 100vw, 1024px\" \/>\t\t\t\t\t\t\t\t\t\t\t\t\t\t\t<\/div>\n\t\t\t\t<div class=\"elementor-element elementor-element-03e7d1c elementor-align-center elementor-widget elementor-widget-button\" data-id=\"03e7d1c\" data-element_type=\"widget\" data-e-type=\"widget\" data-widget_type=\"button.default\">\n\t\t\t\t\t\t\t\t\t\t<a class=\"elementor-button elementor-button-link elementor-size-sm\" href=\"#\">\n\t\t\t\t\t\t<span class=\"elementor-button-content-wrapper\">\n\t\t\t\t\t\t\t\t\t<span class=\"elementor-button-text\">Aviso Legal &amp; Pol\u00edtica de Privacidad<\/span>\n\t\t\t\t\t<\/span>\n\t\t\t\t\t<\/a>\n\t\t\t\t\t\t\t\t<\/div>\n\t\t\t\t<div class=\"elementor-element elementor-element-46e2014 elementor-align-center elementor-widget elementor-widget-button\" data-id=\"46e2014\" data-element_type=\"widget\" data-e-type=\"widget\" data-widget_type=\"button.default\">\n\t\t\t\t\t\t\t\t\t\t<a class=\"elementor-button elementor-button-link elementor-size-sm\" href=\"#\">\n\t\t\t\t\t\t<span class=\"elementor-button-content-wrapper\">\n\t\t\t\t\t\t\t\t\t<span class=\"elementor-button-text\">Copyright 2026 \u00a9 OKON Global <\/span>\n\t\t\t\t\t<\/span>\n\t\t\t\t\t<\/a>\n\t\t\t\t\t\t\t\t<\/div>\n\t\t\t\t<\/div>\n\t\t\t\t<\/div>\n\t\t<div class=\"elementor-element elementor-element-26281b8 e-con-full elementor-hidden-tablet elementor-hidden-mobile e-flex e-con e-parent\" data-id=\"26281b8\" data-element_type=\"container\" data-e-type=\"container\" data-settings=\"{&quot;background_background&quot;:&quot;classic&quot;}\">\n\t\t<div class=\"elementor-element elementor-element-0dd90ea e-grid e-con-full e-con e-child\" data-id=\"0dd90ea\" data-element_type=\"container\" data-e-type=\"container\">\n\t\t\t\t<div class=\"elementor-element elementor-element-fa55642 elementor-align-center elementor-widget elementor-widget-button\" data-id=\"fa55642\" data-element_type=\"widget\" data-e-type=\"widget\" data-widget_type=\"button.default\">\n\t\t\t\t\t\t\t\t\t\t<a class=\"elementor-button elementor-button-link elementor-size-sm\" href=\"#\">\n\t\t\t\t\t\t<span class=\"elementor-button-content-wrapper\">\n\t\t\t\t\t\t\t\t\t<span class=\"elementor-button-text\">Copyright 2026 \u00a9 OKON Global <\/span>\n\t\t\t\t\t<\/span>\n\t\t\t\t\t<\/a>\n\t\t\t\t\t\t\t\t<\/div>\n\t\t\t\t<div class=\"elementor-element elementor-element-a331fcb elementor-widget__width-initial elementor-widget elementor-widget-image\" data-id=\"a331fcb\" data-element_type=\"widget\" data-e-type=\"widget\" data-widget_type=\"image.default\">\n\t\t\t\t\t\t\t\t\t\t\t\t\t\t\t<img fetchpriority=\"high\" decoding=\"async\" width=\"1024\" height=\"168\" src=\"https:\/\/okonglobal.com\/wp-content\/uploads\/2026\/03\/Logo-Okon-Global-Blanco-1024x168.png\" class=\"attachment-large size-large wp-image-14\" alt=\"\" srcset=\"https:\/\/okonglobal.com\/wp-content\/uploads\/2026\/03\/Logo-Okon-Global-Blanco-1024x168.png 1024w, https:\/\/okonglobal.com\/wp-content\/uploads\/2026\/03\/Logo-Okon-Global-Blanco-300x49.png 300w, https:\/\/okonglobal.com\/wp-content\/uploads\/2026\/03\/Logo-Okon-Global-Blanco-768x126.png 768w, https:\/\/okonglobal.com\/wp-content\/uploads\/2026\/03\/Logo-Okon-Global-Blanco-1536x252.png 1536w, https:\/\/okonglobal.com\/wp-content\/uploads\/2026\/03\/Logo-Okon-Global-Blanco-2048x335.png 2048w\" sizes=\"(max-width: 1024px) 100vw, 1024px\" \/>\t\t\t\t\t\t\t\t\t\t\t\t\t\t\t<\/div>\n\t\t\t\t<div class=\"elementor-element elementor-element-0b36dcb elementor-align-center elementor-widget elementor-widget-button\" data-id=\"0b36dcb\" data-element_type=\"widget\" data-e-type=\"widget\" data-widget_type=\"button.default\">\n\t\t\t\t\t\t\t\t\t\t<a class=\"elementor-button elementor-button-link elementor-size-sm\" href=\"#\">\n\t\t\t\t\t\t<span class=\"elementor-button-content-wrapper\">\n\t\t\t\t\t\t\t\t\t<span class=\"elementor-button-text\">Aviso Legal &amp; Pol\u00edtica de Privacidad<\/span>\n\t\t\t\t\t<\/span>\n\t\t\t\t\t<\/a>\n\t\t\t\t\t\t\t\t<\/div>\n\t\t\t\t<\/div>\n\t\t\t\t<\/div>\n\t\t\t\t<\/div>\n\t\t","protected":false},"excerpt":{"rendered":"<p>Ideas Become Companies OKON Global nace con la vocaci\u00f3n de estructurar y potenciar sus propias l\u00edneas de negocio especializadas en entornos altamente competitivos. Cada compa\u00f1\u00eda opera de forma independiente, con identidad propia y foco estrat\u00e9gico definido, mientras comparte una misma visi\u00f3n: construir valor real y sostenible a largo plazo. A trav\u00e9s de un enfoque selectivo, [&hellip;]<\/p>\n","protected":false},"author":1,"featured_media":0,"parent":0,"menu_order":0,"comment_status":"closed","ping_status":"closed","template":"elementor_canvas","meta":{"footnotes":""},"class_list":["post-7","page","type-page","status-publish","hentry","entry"],"_links":{"self":[{"href":"https:\/\/okonglobal.com\/index.php\/wp-json\/wp\/v2\/pages\/7","targetHints":{"allow":["GET"]}}],"collection":[{"href":"https:\/\/okonglobal.com\/index.php\/wp-json\/wp\/v2\/pages"}],"about":[{"href":"https:\/\/okonglobal.com\/index.php\/wp-json\/wp\/v2\/types\/page"}],"author":[{"embeddable":true,"href":"https:\/\/okonglobal.com\/index.php\/wp-json\/wp\/v2\/users\/1"}],"replies":[{"embeddable":true,"href":"https:\/\/okonglobal.com\/index.php\/wp-json\/wp\/v2\/comments?post=7"}],"version-history":[{"count":58,"href":"https:\/\/okonglobal.com\/index.php\/wp-json\/wp\/v2\/pages\/7\/revisions"}],"predecessor-version":[{"id":78,"href":"https:\/\/okonglobal.com\/index.php\/wp-json\/wp\/v2\/pages\/7\/revisions\/78"}],"wp:attachment":[{"href":"https:\/\/okonglobal.com\/index.php\/wp-json\/wp\/v2\/media?parent=7"}],"curies":[{"name":"wp","href":"https:\/\/api.w.org\/{rel}","templated":true}]}}